{"id":1432,"date":"2023-11-10T12:52:25","date_gmt":"2023-11-10T11:52:25","guid":{"rendered":"https:\/\/alucoilcoating.com\/aviso-legal\/"},"modified":"2024-03-07T00:57:16","modified_gmt":"2024-03-06T23:57:16","slug":"avis-juridique","status":"publish","type":"page","link":"https:\/\/alucoilcoating.com\/fr\/avis-juridique\/","title":{"rendered":"Avis juridique"},"content":{"rendered":"\t\t<div data-elementor-type=\"wp-page\" data-elementor-id=\"1432\" class=\"elementor elementor-1432 elementor-28\" data-elementor-settings=\"{&quot;ha_cmc_init_switcher&quot;:&quot;no&quot;}\" data-elementor-post-type=\"page\">\n\t\t\t\t<div class=\"elementor-element elementor-element-e8c258b e-flex e-con-boxed e-con e-parent\" data-id=\"e8c258b\" data-element_type=\"container\" data-settings=\"{&quot;_ha_eqh_enable&quot;:false}\">\n\t\t\t\t\t<div class=\"e-con-inner\">\n\t\t\t\t<div class=\"elementor-element elementor-element-dd7cc8b elementor-widget elementor-widget-elementskit-heading\" data-id=\"dd7cc8b\" data-element_type=\"widget\" data-widget_type=\"elementskit-heading.default\">\n\t\t\t\t<div class=\"elementor-widget-container\">\n\t\t\t\t\t<div class=\"ekit-wid-con\" ><div class=\"ekit-heading elementskit-section-title-wraper text_left   ekit_heading_tablet-   ekit_heading_mobile-text_center\"><h2 class=\"ekit-heading--title elementskit-section-title \">Mentions <span><span>L\u00e9gales<\/span><\/span><\/h2><div class=\"ekit_heading_separetor_wraper ekit_heading_elementskit-border-divider elementskit-style-long\"><div class=\"elementskit-border-divider elementskit-style-long\"><\/div><\/div><\/div><\/div>\t\t\t\t<\/div>\n\t\t\t\t<\/div>\n\t\t\t\t<div class=\"elementor-element elementor-element-0b5d8e3 elementor-widget elementor-widget-text-editor\" data-id=\"0b5d8e3\" data-element_type=\"widget\" data-widget_type=\"text-editor.default\">\n\t\t\t\t<div class=\"elementor-widget-container\">\n\t\t\t\t\t\t\t\t\t<p>Le propri\u00e9taire du site web\u00a0<a href=\"https:\/\/alucoilcoating.com\/?lang=fr\"><strong>www.alucoilcoating.com<\/strong><\/a>\u00a0est l\u2019entreprise\u00a0<strong>Alucoil Coating, S.L.U.<\/strong>\u00a0<strong>\u00a0<\/strong>(ci-apr\u00e8s, \u00ab\u00a0<strong>Alucoil Coating<\/strong>\u00ab\u00a0), dont le si\u00e8ge social est situ\u00e9 Pol\u00edgono Industrial de Bayas, Calle Ircio, Parcelas R75-R77, 09200, Miranda de Ebro (Burgos), Espagne, avec le NIF B-44878833, e-mail\u00a0<a href=\"mailto:%20info@alucoilcoating.com\"><strong>info@alucoilcoating.com<\/strong><\/a>, t\u00e9l\u00e9phone +34 947 33 33 80 et inscrite au Registre du Commerce de Burgos, Volume 808, Livre 599, Feuille 54, Section 8, Page BU-19293.<\/p><p>\u00a0<\/p><p>Ce site web est destin\u00e9 \u00e0 fournir des informations g\u00e9n\u00e9rales sur\u00a0<strong>Alucoil Coating<\/strong>. Bien que toutes les informations contenues dans ce site aient \u00e9t\u00e9 v\u00e9rifi\u00e9es en d\u00e9tail,\u00a0<strong>Alucoil Coating\u00a0<\/strong>avertit qu\u2019il peut y avoir des erreurs ou des inexactitudes et d\u00e9cline toute responsabilit\u00e9 quant aux dommages mat\u00e9riels caus\u00e9s par ces erreurs, inexactitudes, impr\u00e9cisions ou malentendus. Tout le contenu est fourni \u00e0 titre d\u2019information uniquement et peut \u00eatre confirm\u00e9 par des canaux directs avec l\u2019entreprise elle-m\u00eame.<\/p><p>\u00a0<\/p><p><strong>Alucoil Coating\u00a0<\/strong>se r\u00e9serve le droit d\u2019actualiser, de modifier, d\u2019\u00e9diter ou de supprimer tout contenu pouvant appara\u00eetre sur le site web, sans obligation de notification pr\u00e9alable aux utilisateurs, se contentant de la simple publication sur le web.<\/p><p>\u00a0<\/p><p>L\u2019utilisateur s\u2019engage \u00e0 faire un usage correct de ce site web conform\u00e9ment \u00e0 la loi, au pr\u00e9sent avis juridique, ainsi qu\u2019aux autres conditions, r\u00e8glements et instructions qui, le cas \u00e9ch\u00e9ant, peuvent \u00eatre applicables.<\/p><p>\u00a0<\/p><p>L\u2019utilisation de ce site Web attribue la condition d\u2019utilisateur \u00e0 la personne qui le fait et implique l\u2019acceptation de toutes les conditions incluses dans le pr\u00e9sent avis juridique, qui est enti\u00e8rement r\u00e9gi par la l\u00e9gislation espagnole.<\/p><p>\u00a0<\/p><p>Tous les contenus de ce site web (textes, photographies, graphiques, images, technologies, logiciels, liens, contenus audiovisuels, conception graphique, code source, etc.), ainsi que les marques et autres signes distinctifs susceptibles d\u2019utilisation industrielle et\/ou commerciale, sont prot\u00e9g\u00e9s par le droit d\u2019auteur et sont propri\u00e9t\u00e9 exclusive d\u2019<strong>Alucoil Coating<\/strong>, n\u2019acqu\u00e9rant l\u2019utilisateur aucun droit sur ceux-ci par la simple utilisation de ce site web.<\/p><p>\u00a0<\/p><p>Il est interdit d\u2019utiliser ce site Web dans le but de porter atteinte \u00e0 la propri\u00e9t\u00e9, aux droits ou aux int\u00e9r\u00eats d\u2019<strong>Alucoil Coating<\/strong>, de ses clients, de ses fournisseurs ou de tiers, ou de causer des dommages \u00e0 ces derniers. Il est \u00e9galement interdit de faire un usage de ce site web qui alt\u00e8re, endommage ou d\u00e9sactive les r\u00e9seaux, serveurs, \u00e9quipements, produits et logiciels d\u2019<strong>Alucoil Coating<\/strong>, de ses clients, de ses fournisseurs ou de tiers.<\/p><p>\u00a0<\/p><p>L\u2019utilisateur s\u2019abstient de :<\/p><p>\u00a0<\/p><ol><li>Reproduire, copier, distribuer, mettre \u00e0 la disposition de tiers, communiquer publiquement, transformer ou modifier le contenu de ce site Web, sauf dans les cas pr\u00e9vus par la loi ou express\u00e9ment autoris\u00e9s par\u00a0<strong>Alucoil Coating\u00a0<\/strong>ou par le titulaire de ces droits ;<\/li><li>Reproduire ou de copier pour un usage priv\u00e9 les logiciels ou les bases de donn\u00e9es existant sur ce site web, ainsi que de les communiquer publiquement ou de les mettre \u00e0 la disposition de tiers lorsque cela implique leur reproduction ;<\/li><li>Extraire ou r\u00e9utiliser la totalit\u00e9 ou une partie substantielle du contenu de ce site web.<\/li><\/ol><p>\u00a0<\/p><p>En tout cas, l\u2019utilisation ou la reproduction de contenus ou de bases de donn\u00e9es express\u00e9ment autoris\u00e9e par\u00a0<strong>Alucoil Coating\u00a0<\/strong>est exempt\u00e9e de ce qui pr\u00e9c\u00e8de. L\u2019utilisateur qui souhaite \u00e9tablir des liens vers ce site Web doit respecter les conditions suivantes :<\/p><p>\u00a0<\/p><ol><li>Ne pas cr\u00e9er de cadres ou de trames de quelque nature que ce soit qui entourent le site web ou permettent de le visualiser \u00e0 travers diff\u00e9rentes adresses Internet ou avec des contenus ext\u00e9rieurs \u00e0 ce site web, de mani\u00e8re \u00e0 produire, ou \u00e0 pouvoir produire, une erreur ou une confusion chez les utilisateurs quant \u00e0 l\u2019origine du service ou de son contenu, \u00e0 impliquer un acte de comparaison ou d\u2019imitation d\u00e9loyale, \u00e0 servir \u00e0 exploiter la r\u00e9putation, la marque et le prestige d\u2019<strong>Alucoil Coating\u00a0<\/strong>ou de ses clients, ou \u00e0 le faire d\u2019une autre mani\u00e8re interdite par la loi;<\/li><li>La page qui \u00e9tablit le lien ne peut contenir aucune d\u00e9claration fausse ou inexacte sur\u00a0<strong>Alucoil Coating<\/strong>, sur la qualit\u00e9 de ses services ou sur ses fournisseurs, employ\u00e9s ou clients ;<\/li><li>L\u2019exp\u00e9diteur ne pourra pas utiliser la marque ou tout autre signe distinctif d\u2019<strong>Alucoil Coating\u00a0<\/strong>sur son site web, sauf autorisation l\u00e9gale ou autorisation expresse d\u2019<strong>Alucoil Coating<\/strong> ;<\/li><li>La page qui \u00e9tablit le lien doit \u00eatre conforme \u00e0 la l\u00e9gislation en vigueur et ne doit pas fournir ou renvoyer \u00e0 des contenus ill\u00e9gaux, nuisibles, contraires \u00e0 la morale et \u00e0 la d\u00e9cence, qui produisent ou peuvent produire la fausse id\u00e9e qu\u2019<strong>Alucoil Coating\u00a0<\/strong>ou ses clients approuvent ou soutiennent les id\u00e9es, les d\u00e9clarations ou les actions de l\u2019exp\u00e9diteur ou qui sont inappropri\u00e9s par rapport \u00e0 l\u2019activit\u00e9 exerc\u00e9e par\u00a0<strong>Alucoil Coating\u00a0<\/strong>et ses clients, compte tenu du contenu et de l\u2019objet g\u00e9n\u00e9ral du site Web sur lequel le lien est \u00e9tabli.<\/li><\/ol><p>\u00a0<\/p><p>Ce site web peut inclure des dispositifs techniques de liaison qui permettent \u00e0 l\u2019utilisateur d\u2019acc\u00e9der \u00e0 d\u2019autres sites Internet (liens) de tiers.\u00a0<strong>Alucoil Coating ne\u00a0<\/strong>conna\u00eet pas les contenus et les services des liens et n\u2019est donc pas responsable des dommages d\u00e9coulant de leur manque de qualit\u00e9, de leur caract\u00e8re obsol\u00e8te, de leur indisponibilit\u00e9, de leur erreur, de leur inutilit\u00e9 ou de leur ill\u00e9galit\u00e9 et n\u2019est pas responsable des d\u00e9clarations faites ou des contenus ou services fournis \u00e0 travers ces liens. Si un utilisateur se rend compte que les liens renvoient \u00e0 des pages dont le contenu ou les services sont ill\u00e9gaux, nuisibles, d\u00e9gradants, violents ou immoraux, il peut contacter\u00a0<strong>Alucoil Coating\u00a0<\/strong>en le signalant.<\/p>\t\t\t\t\t\t\t\t<\/div>\n\t\t\t\t<\/div>\n\t\t\t\t\t<\/div>\n\t\t\t\t<\/div>\n\t\t\t\t<\/div>\n\t\t","protected":false},"excerpt":{"rendered":"<p>Mentions L\u00e9gales Le propri\u00e9taire du site web\u00a0www.alucoilcoating.com\u00a0est l\u2019entreprise\u00a0Alucoil Coating, S.L.U.\u00a0\u00a0(ci-apr\u00e8s, \u00ab\u00a0Alucoil Coating\u00ab\u00a0), dont le si\u00e8ge social est situ\u00e9 Pol\u00edgono Industrial de Bayas, Calle Ircio, Parcelas R75-R77, 09200, Miranda de Ebro (Burgos), Espagne, avec le NIF B-44878833, e-mail\u00a0info@alucoilcoating.com, t\u00e9l\u00e9phone +34 947 33 33 80 et inscrite au Registre du Commerce de Burgos, Volume 808, Livre 599, [&hellip;]<\/p>\n","protected":false},"author":1,"featured_media":0,"parent":0,"menu_order":0,"comment_status":"closed","ping_status":"closed","template":"elementor_header_footer","meta":{"footnotes":""},"class_list":["post-1432","page","type-page","status-publish","hentry"],"yoast_head":"<!-- This site is optimized with the Yoast SEO plugin v27.0 - https:\/\/yoast.com\/product\/yoast-seo-wordpress\/ -->\n<title>Avis juridique - Alucoil Coating - termolac\u00ae<\/title>\n<meta name=\"robots\" content=\"index, follow, max-snippet:-1, max-image-preview:large, max-video-preview:-1\" \/>\n<link rel=\"canonical\" href=\"https:\/\/alucoilcoating.com\/aviso-legal\/\" \/>\n<meta property=\"og:locale\" content=\"fr_FR\" \/>\n<meta property=\"og:type\" content=\"article\" \/>\n<meta property=\"og:title\" content=\"Avis juridique - Alucoil Coating - termolac\u00ae\" \/>\n<meta property=\"og:description\" content=\"Mentions L\u00e9gales Le propri\u00e9taire du site web\u00a0www.alucoilcoating.com\u00a0est l\u2019entreprise\u00a0Alucoil Coating, S.L.U.\u00a0\u00a0(ci-apr\u00e8s, \u00ab\u00a0Alucoil Coating\u00ab\u00a0), dont le si\u00e8ge social est situ\u00e9 Pol\u00edgono Industrial de Bayas, Calle Ircio, Parcelas R75-R77, 09200, Miranda de Ebro (Burgos), Espagne, avec le NIF B-44878833, e-mail\u00a0info@alucoilcoating.com, t\u00e9l\u00e9phone +34 947 33 33 80 et inscrite au Registre du Commerce de Burgos, Volume 808, Livre 599, [&hellip;]\" \/>\n<meta property=\"og:url\" content=\"https:\/\/alucoilcoating.com\/aviso-legal\/\" \/>\n<meta property=\"og:site_name\" content=\"Alucoil Coating - termolac\u00ae\" \/>\n<meta property=\"article:modified_time\" content=\"2024-03-06T23:57:16+00:00\" \/>\n<meta name=\"twitter:card\" content=\"summary_large_image\" \/>\n<meta name=\"twitter:label1\" content=\"Dur\u00e9e de lecture estim\u00e9e\" \/>\n\t<meta name=\"twitter:data1\" content=\"5 minutes\" \/>\n<script type=\"application\/ld+json\" class=\"yoast-schema-graph\">{\"@context\":\"https:\/\/schema.org\",\"@graph\":[{\"@type\":\"WebPage\",\"@id\":\"https:\/\/alucoilcoating.com\/aviso-legal\/\",\"url\":\"https:\/\/alucoilcoating.com\/aviso-legal\/\",\"name\":\"Avis juridique - Alucoil Coating - termolac\u00ae\",\"isPartOf\":{\"@id\":\"https:\/\/alucoilcoating.com\/#website\"},\"datePublished\":\"2023-11-10T11:52:25+00:00\",\"dateModified\":\"2024-03-06T23:57:16+00:00\",\"breadcrumb\":{\"@id\":\"https:\/\/alucoilcoating.com\/aviso-legal\/#breadcrumb\"},\"inLanguage\":\"fr-FR\",\"potentialAction\":[{\"@type\":\"ReadAction\",\"target\":[\"https:\/\/alucoilcoating.com\/aviso-legal\/\"]}]},{\"@type\":\"BreadcrumbList\",\"@id\":\"https:\/\/alucoilcoating.com\/aviso-legal\/#breadcrumb\",\"itemListElement\":[{\"@type\":\"ListItem\",\"position\":1,\"name\":\"Portada\",\"item\":\"https:\/\/alucoilcoating.com\/\"},{\"@type\":\"ListItem\",\"position\":2,\"name\":\"Avis juridique\"}]},{\"@type\":\"WebSite\",\"@id\":\"https:\/\/alucoilcoating.com\/#website\",\"url\":\"https:\/\/alucoilcoating.com\/\",\"name\":\"Alucoil Coating - termolac\u00ae\",\"description\":\"\",\"publisher\":{\"@id\":\"https:\/\/alucoilcoating.com\/#organization\"},\"potentialAction\":[{\"@type\":\"SearchAction\",\"target\":{\"@type\":\"EntryPoint\",\"urlTemplate\":\"https:\/\/alucoilcoating.com\/?s={search_term_string}\"},\"query-input\":{\"@type\":\"PropertyValueSpecification\",\"valueRequired\":true,\"valueName\":\"search_term_string\"}}],\"inLanguage\":\"fr-FR\"},{\"@type\":\"Organization\",\"@id\":\"https:\/\/alucoilcoating.com\/#organization\",\"name\":\"Alucoil Coating - termolac\u00ae\",\"url\":\"https:\/\/alucoilcoating.com\/\",\"logo\":{\"@type\":\"ImageObject\",\"inLanguage\":\"fr-FR\",\"@id\":\"https:\/\/alucoilcoating.com\/#\/schema\/logo\/image\/\",\"url\":\"https:\/\/alucoilcoating.com\/wp-content\/uploads\/2023\/11\/Logo-ALUCOIL-COATING.png\",\"contentUrl\":\"https:\/\/alucoilcoating.com\/wp-content\/uploads\/2023\/11\/Logo-ALUCOIL-COATING.png\",\"width\":1920,\"height\":1080,\"caption\":\"Alucoil Coating - termolac\u00ae\"},\"image\":{\"@id\":\"https:\/\/alucoilcoating.com\/#\/schema\/logo\/image\/\"}}]}<\/script>\n<!-- \/ Yoast SEO plugin. -->","yoast_head_json":{"title":"Avis juridique - Alucoil Coating - termolac\u00ae","robots":{"index":"index","follow":"follow","max-snippet":"max-snippet:-1","max-image-preview":"max-image-preview:large","max-video-preview":"max-video-preview:-1"},"canonical":"https:\/\/alucoilcoating.com\/aviso-legal\/","og_locale":"fr_FR","og_type":"article","og_title":"Avis juridique - Alucoil Coating - termolac\u00ae","og_description":"Mentions L\u00e9gales Le propri\u00e9taire du site web\u00a0www.alucoilcoating.com\u00a0est l\u2019entreprise\u00a0Alucoil Coating, S.L.U.\u00a0\u00a0(ci-apr\u00e8s, \u00ab\u00a0Alucoil Coating\u00ab\u00a0), dont le si\u00e8ge social est situ\u00e9 Pol\u00edgono Industrial de Bayas, Calle Ircio, Parcelas R75-R77, 09200, Miranda de Ebro (Burgos), Espagne, avec le NIF B-44878833, e-mail\u00a0info@alucoilcoating.com, t\u00e9l\u00e9phone +34 947 33 33 80 et inscrite au Registre du Commerce de Burgos, Volume 808, Livre 599, [&hellip;]","og_url":"https:\/\/alucoilcoating.com\/aviso-legal\/","og_site_name":"Alucoil Coating - termolac\u00ae","article_modified_time":"2024-03-06T23:57:16+00:00","twitter_card":"summary_large_image","twitter_misc":{"Dur\u00e9e de lecture estim\u00e9e":"5 minutes"},"schema":{"@context":"https:\/\/schema.org","@graph":[{"@type":"WebPage","@id":"https:\/\/alucoilcoating.com\/aviso-legal\/","url":"https:\/\/alucoilcoating.com\/aviso-legal\/","name":"Avis juridique - Alucoil Coating - termolac\u00ae","isPartOf":{"@id":"https:\/\/alucoilcoating.com\/#website"},"datePublished":"2023-11-10T11:52:25+00:00","dateModified":"2024-03-06T23:57:16+00:00","breadcrumb":{"@id":"https:\/\/alucoilcoating.com\/aviso-legal\/#breadcrumb"},"inLanguage":"fr-FR","potentialAction":[{"@type":"ReadAction","target":["https:\/\/alucoilcoating.com\/aviso-legal\/"]}]},{"@type":"BreadcrumbList","@id":"https:\/\/alucoilcoating.com\/aviso-legal\/#breadcrumb","itemListElement":[{"@type":"ListItem","position":1,"name":"Portada","item":"https:\/\/alucoilcoating.com\/"},{"@type":"ListItem","position":2,"name":"Avis juridique"}]},{"@type":"WebSite","@id":"https:\/\/alucoilcoating.com\/#website","url":"https:\/\/alucoilcoating.com\/","name":"Alucoil Coating - termolac\u00ae","description":"","publisher":{"@id":"https:\/\/alucoilcoating.com\/#organization"},"potentialAction":[{"@type":"SearchAction","target":{"@type":"EntryPoint","urlTemplate":"https:\/\/alucoilcoating.com\/?s={search_term_string}"},"query-input":{"@type":"PropertyValueSpecification","valueRequired":true,"valueName":"search_term_string"}}],"inLanguage":"fr-FR"},{"@type":"Organization","@id":"https:\/\/alucoilcoating.com\/#organization","name":"Alucoil Coating - termolac\u00ae","url":"https:\/\/alucoilcoating.com\/","logo":{"@type":"ImageObject","inLanguage":"fr-FR","@id":"https:\/\/alucoilcoating.com\/#\/schema\/logo\/image\/","url":"https:\/\/alucoilcoating.com\/wp-content\/uploads\/2023\/11\/Logo-ALUCOIL-COATING.png","contentUrl":"https:\/\/alucoilcoating.com\/wp-content\/uploads\/2023\/11\/Logo-ALUCOIL-COATING.png","width":1920,"height":1080,"caption":"Alucoil Coating - termolac\u00ae"},"image":{"@id":"https:\/\/alucoilcoating.com\/#\/schema\/logo\/image\/"}}]}},"_links":{"self":[{"href":"https:\/\/alucoilcoating.com\/fr\/wp-json\/wp\/v2\/pages\/1432","targetHints":{"allow":["GET"]}}],"collection":[{"href":"https:\/\/alucoilcoating.com\/fr\/wp-json\/wp\/v2\/pages"}],"about":[{"href":"https:\/\/alucoilcoating.com\/fr\/wp-json\/wp\/v2\/types\/page"}],"author":[{"embeddable":true,"href":"https:\/\/alucoilcoating.com\/fr\/wp-json\/wp\/v2\/users\/1"}],"replies":[{"embeddable":true,"href":"https:\/\/alucoilcoating.com\/fr\/wp-json\/wp\/v2\/comments?post=1432"}],"version-history":[{"count":4,"href":"https:\/\/alucoilcoating.com\/fr\/wp-json\/wp\/v2\/pages\/1432\/revisions"}],"predecessor-version":[{"id":1640,"href":"https:\/\/alucoilcoating.com\/fr\/wp-json\/wp\/v2\/pages\/1432\/revisions\/1640"}],"wp:attachment":[{"href":"https:\/\/alucoilcoating.com\/fr\/wp-json\/wp\/v2\/media?parent=1432"}],"curies":[{"name":"wp","href":"https:\/\/api.w.org\/{rel}","templated":true}]}}