{"id":1429,"date":"2023-11-10T12:53:23","date_gmt":"2023-11-10T11:53:23","guid":{"rendered":"https:\/\/alucoilcoating.com\/politica-de-cookies\/"},"modified":"2024-03-12T10:14:09","modified_gmt":"2024-03-12T09:14:09","slug":"politique-des-cookies","status":"publish","type":"page","link":"https:\/\/alucoilcoating.com\/fr\/politique-des-cookies\/","title":{"rendered":"Politique des cookies"},"content":{"rendered":"\t\t<div data-elementor-type=\"wp-page\" data-elementor-id=\"1429\" class=\"elementor elementor-1429 elementor-30\" data-elementor-settings=\"{&quot;ha_cmc_init_switcher&quot;:&quot;no&quot;}\" data-elementor-post-type=\"page\">\n\t\t\t\t<div class=\"elementor-element elementor-element-2f46f9e e-flex e-con-boxed e-con e-parent\" data-id=\"2f46f9e\" data-element_type=\"container\" data-settings=\"{&quot;_ha_eqh_enable&quot;:false}\">\n\t\t\t\t\t<div class=\"e-con-inner\">\n\t\t\t\t<div class=\"elementor-element elementor-element-fe00460 elementor-widget elementor-widget-elementskit-heading\" data-id=\"fe00460\" data-element_type=\"widget\" data-widget_type=\"elementskit-heading.default\">\n\t\t\t\t<div class=\"elementor-widget-container\">\n\t\t\t\t\t<div class=\"ekit-wid-con\" ><div class=\"ekit-heading elementskit-section-title-wraper text_left   ekit_heading_tablet-   ekit_heading_mobile-text_center\"><h2 class=\"ekit-heading--title elementskit-section-title \">Politique de <span><span>cookies<\/span><\/span><\/h2><div class=\"ekit_heading_separetor_wraper ekit_heading_elementskit-border-divider elementskit-style-long\"><div class=\"elementskit-border-divider elementskit-style-long\"><\/div><\/div><\/div><\/div>\t\t\t\t<\/div>\n\t\t\t\t<\/div>\n\t\t\t\t<div class=\"elementor-element elementor-element-7ed20b5 elementor-widget elementor-widget-text-editor\" data-id=\"7ed20b5\" data-element_type=\"widget\" data-widget_type=\"text-editor.default\">\n\t\t\t\t<div class=\"elementor-widget-container\">\n\t\t\t\t\t\t\t\t\t<p><strong>Qu\u2019est-ce qu\u2019un cookie?<\/strong><\/p><p>Un cookie est un fichier qui est t\u00e9l\u00e9charg\u00e9 sur votre ordinateur lorsque vous acc\u00e9dez \u00e0 certaines pages web. Les cookies permettent \u00e0 une page web, entre autres, de stocker et de r\u00e9cup\u00e9rer des informations sur les habitudes de navigation d\u2019un utilisateur ou de son \u00e9quipement et, en fonction des informations qu\u2019ils contiennent et de la fa\u00e7on dont leur \u00e9quipement est utilis\u00e9, ils peuvent servir \u00e0 le reconna\u00eetre.<\/p><p>Cependant, ces m\u00e9dias n\u2019obtiennent que des informations concernant le nombre de visites, la ville depuis laquelle l\u2019adresse IP est accessible, le nombre de nouveaux utilisateurs, la fr\u00e9quence et la r\u00e9currence des visites, l\u2019heure de la visite, le navigateur ou l\u2019op\u00e9rateur ou le type de terminal \u00e0 partir duquel la visite est effectu\u00e9e. En aucun cas, des donn\u00e9es ne sont obtenues sur le nom, le pr\u00e9nom, l\u2019adresse postale ou d\u2019autres donn\u00e9es similaires de l\u2019utilisateur qui s\u2019est connect\u00e9.<\/p><p><strong>Quels types de cookies existe-t-il?<\/strong><\/p><p>Les cookies peuvent \u00eatre propres ou tiers. Les propres sont ceux qui sont envoy\u00e9s \u00e0 l\u2019\u00e9quipement terminal de l\u2019utilisateur \u00e0 partir d\u2019un ordinateur ou d\u2019un domaine g\u00e9r\u00e9 par l\u2019\u00e9diteur web lui-m\u00eame, \u00e0 partir duquel le service demand\u00e9 par l\u2019utilisateur est fourni. Les cookies tiers sont ceux qui sont envoy\u00e9s \u00e0 l\u2019\u00e9quipement terminal de l\u2019utilisateur \u00e0 partir d\u2019un ordinateur ou d\u2019un domaine qui n\u2019est pas g\u00e9r\u00e9 par l\u2019\u00e9diteur, mais par une autre source qui traite les donn\u00e9es obtenues via les cookies.<\/p><p>De plus, les cookies peuvent \u00eatre de session ou persistants. Les premiers sont un type de cookie con\u00e7u pour collecter et stocker des donn\u00e9es pendant que l\u2019utilisateur acc\u00e8de \u00e0 une page Web. Les cookies persistants sont un type de cookie qui conserve les donn\u00e9es stock\u00e9es dans le terminal et peuvent \u00eatre consult\u00e9s et trait\u00e9s pendant une p\u00e9riode d\u00e9finie par la personne responsable du cookie, qui peut aller de quelques minutes \u00e0 plusieurs ann\u00e9es.<\/p><p><strong>Qui est le responsable du traitement des cookies sur ce site web?<\/strong><\/p><p>Tout ce qui se r\u00e9f\u00e8re au propri\u00e9taire du site et au responsable du traitement des cookies utilis\u00e9s ici, ainsi que leurs coordonn\u00e9es, sont accessibles dans\u00a0les\u00a0Mentions L\u00e9gales\u00a0de cette page. De m\u00eame, il peut y avoir des cookies tiers autres que le propri\u00e9taire de ce site Web.<\/p><p><strong>Comment sont les cookies utilis\u00e9s par ce site web?<\/strong><\/p><table width=\"1305\"><tbody><tr><td><p><strong>Propes\/<br \/>Tiers<\/strong><\/p><\/td><td><p><strong>Domaines auxquels sont associ\u00e9s les cookies<\/strong><\/p><\/td><td><p><strong>Type de cookie selon leur finalit\u00e9<\/strong><\/p><\/td><td><p><strong>Description<\/strong><\/p><\/td><td><p><strong>Expiration des cookies une fois install\u00e9s<\/strong><\/p><\/td><\/tr><tr><td><p>Propes<\/p><\/td><td><p><a href=\"http:\/\/www.alucoil.com\/\">www.alucoilcoating.com<\/a>\u00a0<\/p><\/td><td><p>Technique<\/p><\/td><td><p>Ils permettent de suivre le comportement des utilsateurs d\u2019une page \u00e0 l\u2019autre, de sorte que l\u2019on ne vous demandera pas plus d\u2019informations que celles fournies pr\u00e9c\u00e9demment.<\/p><\/td><td><p>Session<\/p><\/td><\/tr><tr><td rowspan=\"4\"><p>Tiers<\/p><\/td><td><p><a href=\"http:\/\/www.google.com\/\">www.google.com<\/a><br \/><a href=\"http:\/\/www.youtube.com\/\">www.youtube.com<\/a><br \/><a href=\"http:\/\/www.maps.google.com\/\">www.maps.google.com<\/a>\u00a0<\/p><\/td><td><p>Personnalisation<\/p><\/td><td><p>Ils nous permettent d\u2019offrir une exp\u00e9rience plus personnalis\u00e9e du contenu de ce site (par exemple la langue), d\u2019afficher du contenu pertinent pour l\u2019utilisateur et de lui envoyer les messages ou alertes qu\u2019il demande. S\u2019ils ne sont pas accept\u00e9s, la navigation se fera, mais sans tenir compte de ces pr\u00e9f\u00e9rences.<\/p><\/td><td><p>10 mins \u2013 2 ans<\/p><\/td><\/tr><tr><td><p><a href=\"http:\/\/www.google.com\/analytics\">www.google.com\/analytics<\/a><br \/><a href=\"http:\/\/www.youtube.com\/\">www.youtube.com<\/a>\u00a0<\/p><\/td><td><p>Analyse<\/p><\/td><td><p>Ils permettent de quantifier le nombre d\u2019utilisateurs et d\u2019examiner leur navigation, permettant ainsi de mesurer et d\u2019analyser statistiquement l\u2019utilisation faite du web, afin d\u2019am\u00e9liorer le contenu et le service \u00e0 travers celui-ci. Il peut s\u2019agir de cookies propres ou tiers. S\u2019ils ne sont pas accept\u00e9s, l\u2019analyse indiqu\u00e9e ne sera tout simplement pas effectu\u00e9e.<\/p><\/td><td><p>Session \u2013 2 ans<\/p><\/td><\/tr><tr><td>\u00a0<\/td><td>\u00a0<\/td><td>\u00a0<\/td><td>\u00a0<\/td><\/tr><tr><td><p><a href=\"http:\/\/www.doubleclick.com\/\">www.doubleclick.com<\/a>\u00a0<\/p><\/td><td><p>Publicit\u00e9<\/p><\/td><td><p>Ils permettent de g\u00e9rer et d\u2019optimiser les publicit\u00e9s que l\u2019utilisateur re\u00e7oit, telles que les publicit\u00e9s les plus pertinentes pour lui ou la fr\u00e9quence \u00e0 laquelle elles sont diffus\u00e9es. Il peut s\u2019agir de cookies propres ou tiers. S\u2019ils ne sont pas accept\u00e9s, la publicit\u00e9 continuera d\u2019\u00eatre diffus\u00e9e, mais elle ne sera pas personnalis\u00e9e.<\/p><\/td><td><p>1 ans et 7 mois<\/p><\/td><\/tr><\/tbody><\/table><p><strong>Quelle est la l\u00e9gitimit\u00e9 de l\u2019utilisation des cookies?<\/strong><\/p><p>Dans le cas des cookies techniques, c\u2019est-\u00e0-dire ceux qui sont essentiels pour naviguer sur ce site web et recevoir le service offert par son interm\u00e9diaire, la base juridique de son utilisation est l\u2019accord par lequel vous d\u00e9cidez d\u2019utiliser ce site web et leurs services.<\/p><p>La base l\u00e9gale pour l\u2019utilisation d\u2019autres cookies est le consentement de l\u2019utilisateur, qui est demand\u00e9 au moment de l\u2019acc\u00e8s \u00e0 ce site web, et peut \u00eatre r\u00e9voqu\u00e9 \u00e0 tout moment. Le retrait dudit consentement n\u2019affectera pas la possibilit\u00e9 de naviguer sur ce site et d\u2019utiliser ses services, mais le traitement des donn\u00e9es effectu\u00e9 pr\u00e9c\u00e9demment ne perdra pas sa l\u00e9galit\u00e9 du fait que le consentement a \u00e9t\u00e9 r\u00e9voqu\u00e9.<\/p><p><strong>\u00c0 quels destinataires seront communiqu\u00e9s les cookies ou qui pourra y acc\u00e9der?<\/strong><\/p><p>Lorsque des cookies tiers existent, comme indiqu\u00e9 ci-dessus, ces tiers peuvent acc\u00e9der aux cookies et les utiliser de la mani\u00e8re d\u00e9crite pr\u00e9c\u00e9demment.<\/p><p><strong>Quels sont vos droits concernant l\u2019utilisation de cookies faite par ce site web?<\/strong><\/p><p>Conform\u00e9ment \u00e0 la r\u00e9glementation en vigueur, toute personne a le droit d\u2019obtenir une confirmation quant au traitement ou non des donn\u00e9es personnelles la concernant. De m\u00eame, dans les conditions fix\u00e9es par la loi, les personnes int\u00e9ress\u00e9es ont le droit d\u2019acc\u00e9der \u00e0 leurs donn\u00e9es, ainsi que de demander la rectification de donn\u00e9es inexactes ou, le cas \u00e9ch\u00e9ant, de demander leur suppression lorsque, entre autres raisons, les donn\u00e9es ne sont plus n\u00e9cessaires aux fins pour lesquelles ils ont \u00e9t\u00e9 collect\u00e9es. Dans le cas des cookies, ces droits peuvent \u00eatre exerc\u00e9s sous r\u00e9serve des limitations d\u00e9riv\u00e9es de la nature de ces fichiers.<\/p><p>Dans les conditions pr\u00e9vues par le r\u00e8glement g\u00e9n\u00e9ral sur la protection des donn\u00e9es, les parties int\u00e9ress\u00e9es peuvent demander la limitation du traitement de leurs donn\u00e9es ou de leur portabilit\u00e9, auquel cas nous ne les conserverons que pour l\u2019exercice ou la d\u00e9fense de r\u00e9clamations.<\/p><p>Dans certaines circonstances et pour des raisons li\u00e9es \u00e0 leur situation particuli\u00e8re, les parties int\u00e9ress\u00e9es peuvent s\u2019opposer au traitement de leurs donn\u00e9es. Si vous avez donn\u00e9 votre consentement dans un but sp\u00e9cifique, vous avez le droit de le retirer \u00e0 tout moment, sans affecter la l\u00e9galit\u00e9 du traitement bas\u00e9 sur le consentement avant son retrait. Dans ces cas, nous cesserons de traiter les donn\u00e9es ou, le cas \u00e9ch\u00e9ant, nous cesserons de le faire dans ce but sp\u00e9cifique, sauf pour des raisons l\u00e9gitimes imp\u00e9rieuses, ou pour l\u2019exercice ou la d\u00e9fense d\u2019\u00e9ventuelles r\u00e9clamations.<\/p><p>Face \u00e0 toute violation de vos droits, notamment lorsque vous n\u2019avez pas obtenu satisfaction dans votre exercice, vous pouvez d\u00e9poser une r\u00e9clamation aupr\u00e8s de l\u2019Agence espagnole de protection des donn\u00e9es (coordonn\u00e9es accessibles sur www.agpd.es), ou d\u2019une autre autorit\u00e9 de contr\u00f4le comp\u00e9tente. Vous pouvez \u00e9galement obtenir plus d\u2019informations sur vos droits en contactant ces organisations.<\/p><p><strong>Comment puis-je g\u00e9rer les cookies?<\/strong><\/p><p>Vous pouvez autoriser, bloquer ou supprimer les cookies install\u00e9s sur votre ordinateur en cliquant sur le lien suivant: [cky_settings]<\/p><p>Et \u00e9galement en configurant les options de votre navigateur. Vous trouverez toute l\u2019information n\u00e9cessaire \u00e0 ce sujet sur les liens suivants:<\/p><ul><li>Explorer:\u00a0<a href=\"https:\/\/support.microsoft.com\/es-es\/help\/17442\/windows-internet-explorer-delete-manage-cookies\" target=\"_blank\" rel=\"noopener\"><strong>https:\/\/support.microsoft.com\/es-es\/help\/17442\/windows-internet-explorer-delete-manage-cookies<\/strong><\/a><\/li><li>Firefox:\u00a0<a href=\"https:\/\/support.mozilla.org\/es\/kb\/habilitar-y-deshabilitar-cookies-que-los-sitios-we\" target=\"_blank\" rel=\"noopener\"><strong>https:\/\/support.mozilla.org\/es\/kb\/habilitar-y-deshabilitar-cookies-que-los-sitios-we<\/strong><\/a><\/li><li>Chrome:\u00a0<a href=\"http:\/\/support.google.com\/chrome\/bin\/answer.py?hl=es&amp;answer=95647\" target=\"_blank\" rel=\"noopener\"><strong>http:\/\/support.google.com\/chrome\/bin\/answer.py?hl=es&amp;answer=95647<\/strong><\/a><\/li><li>Safari:\u00a0<a href=\"https:\/\/support.apple.com\/es-es\/guide\/safari\/sfri11471\/mac\" target=\"_blank\" rel=\"noopener\"><strong>https:\/\/support.apple.com\/es-es\/guide\/safari\/sfri11471\/mac<\/strong><\/a><\/li><\/ul>\t\t\t\t\t\t\t\t<\/div>\n\t\t\t\t<\/div>\n\t\t\t\t\t<\/div>\n\t\t\t\t<\/div>\n\t\t\t\t<\/div>\n\t\t","protected":false},"excerpt":{"rendered":"<p>Politique de cookies Qu\u2019est-ce qu\u2019un cookie? Un cookie est un fichier qui est t\u00e9l\u00e9charg\u00e9 sur votre ordinateur lorsque vous acc\u00e9dez \u00e0 certaines pages web. Les cookies permettent \u00e0 une page web, entre autres, de stocker et de r\u00e9cup\u00e9rer des informations sur les habitudes de navigation d\u2019un utilisateur ou de son \u00e9quipement et, en fonction des [&hellip;]<\/p>\n","protected":false},"author":1,"featured_media":0,"parent":0,"menu_order":0,"comment_status":"closed","ping_status":"closed","template":"elementor_header_footer","meta":{"footnotes":""},"class_list":["post-1429","page","type-page","status-publish","hentry"],"yoast_head":"<!-- This site is optimized with the Yoast SEO plugin v27.0 - https:\/\/yoast.com\/product\/yoast-seo-wordpress\/ -->\n<title>Politique des cookies - Alucoil Coating - termolac\u00ae<\/title>\n<meta name=\"robots\" content=\"index, follow, max-snippet:-1, max-image-preview:large, max-video-preview:-1\" \/>\n<link rel=\"canonical\" href=\"https:\/\/alucoilcoating.com\/politica-de-cookies\/\" \/>\n<meta property=\"og:locale\" content=\"fr_FR\" \/>\n<meta property=\"og:type\" content=\"article\" \/>\n<meta property=\"og:title\" content=\"Politique des cookies - Alucoil Coating - termolac\u00ae\" \/>\n<meta property=\"og:description\" content=\"Politique de cookies Qu\u2019est-ce qu\u2019un cookie? Un cookie est un fichier qui est t\u00e9l\u00e9charg\u00e9 sur votre ordinateur lorsque vous acc\u00e9dez \u00e0 certaines pages web. Les cookies permettent \u00e0 une page web, entre autres, de stocker et de r\u00e9cup\u00e9rer des informations sur les habitudes de navigation d\u2019un utilisateur ou de son \u00e9quipement et, en fonction des [&hellip;]\" \/>\n<meta property=\"og:url\" content=\"https:\/\/alucoilcoating.com\/politica-de-cookies\/\" \/>\n<meta property=\"og:site_name\" content=\"Alucoil Coating - termolac\u00ae\" \/>\n<meta property=\"article:modified_time\" content=\"2024-03-12T09:14:09+00:00\" \/>\n<meta name=\"twitter:card\" content=\"summary_large_image\" \/>\n<meta name=\"twitter:label1\" content=\"Dur\u00e9e de lecture estim\u00e9e\" \/>\n\t<meta name=\"twitter:data1\" content=\"7 minutes\" \/>\n<script type=\"application\/ld+json\" class=\"yoast-schema-graph\">{\"@context\":\"https:\/\/schema.org\",\"@graph\":[{\"@type\":\"WebPage\",\"@id\":\"https:\/\/alucoilcoating.com\/politica-de-cookies\/\",\"url\":\"https:\/\/alucoilcoating.com\/politica-de-cookies\/\",\"name\":\"Politique des cookies - Alucoil Coating - termolac\u00ae\",\"isPartOf\":{\"@id\":\"https:\/\/alucoilcoating.com\/#website\"},\"datePublished\":\"2023-11-10T11:53:23+00:00\",\"dateModified\":\"2024-03-12T09:14:09+00:00\",\"breadcrumb\":{\"@id\":\"https:\/\/alucoilcoating.com\/politica-de-cookies\/#breadcrumb\"},\"inLanguage\":\"fr-FR\",\"potentialAction\":[{\"@type\":\"ReadAction\",\"target\":[\"https:\/\/alucoilcoating.com\/politica-de-cookies\/\"]}]},{\"@type\":\"BreadcrumbList\",\"@id\":\"https:\/\/alucoilcoating.com\/politica-de-cookies\/#breadcrumb\",\"itemListElement\":[{\"@type\":\"ListItem\",\"position\":1,\"name\":\"Portada\",\"item\":\"https:\/\/alucoilcoating.com\/\"},{\"@type\":\"ListItem\",\"position\":2,\"name\":\"Politique des cookies\"}]},{\"@type\":\"WebSite\",\"@id\":\"https:\/\/alucoilcoating.com\/#website\",\"url\":\"https:\/\/alucoilcoating.com\/\",\"name\":\"Alucoil Coating - termolac\u00ae\",\"description\":\"\",\"publisher\":{\"@id\":\"https:\/\/alucoilcoating.com\/#organization\"},\"potentialAction\":[{\"@type\":\"SearchAction\",\"target\":{\"@type\":\"EntryPoint\",\"urlTemplate\":\"https:\/\/alucoilcoating.com\/?s={search_term_string}\"},\"query-input\":{\"@type\":\"PropertyValueSpecification\",\"valueRequired\":true,\"valueName\":\"search_term_string\"}}],\"inLanguage\":\"fr-FR\"},{\"@type\":\"Organization\",\"@id\":\"https:\/\/alucoilcoating.com\/#organization\",\"name\":\"Alucoil Coating - termolac\u00ae\",\"url\":\"https:\/\/alucoilcoating.com\/\",\"logo\":{\"@type\":\"ImageObject\",\"inLanguage\":\"fr-FR\",\"@id\":\"https:\/\/alucoilcoating.com\/#\/schema\/logo\/image\/\",\"url\":\"https:\/\/alucoilcoating.com\/wp-content\/uploads\/2023\/11\/Logo-ALUCOIL-COATING.png\",\"contentUrl\":\"https:\/\/alucoilcoating.com\/wp-content\/uploads\/2023\/11\/Logo-ALUCOIL-COATING.png\",\"width\":1920,\"height\":1080,\"caption\":\"Alucoil Coating - termolac\u00ae\"},\"image\":{\"@id\":\"https:\/\/alucoilcoating.com\/#\/schema\/logo\/image\/\"}}]}<\/script>\n<!-- \/ Yoast SEO plugin. -->","yoast_head_json":{"title":"Politique des cookies - Alucoil Coating - termolac\u00ae","robots":{"index":"index","follow":"follow","max-snippet":"max-snippet:-1","max-image-preview":"max-image-preview:large","max-video-preview":"max-video-preview:-1"},"canonical":"https:\/\/alucoilcoating.com\/politica-de-cookies\/","og_locale":"fr_FR","og_type":"article","og_title":"Politique des cookies - Alucoil Coating - termolac\u00ae","og_description":"Politique de cookies Qu\u2019est-ce qu\u2019un cookie? Un cookie est un fichier qui est t\u00e9l\u00e9charg\u00e9 sur votre ordinateur lorsque vous acc\u00e9dez \u00e0 certaines pages web. Les cookies permettent \u00e0 une page web, entre autres, de stocker et de r\u00e9cup\u00e9rer des informations sur les habitudes de navigation d\u2019un utilisateur ou de son \u00e9quipement et, en fonction des [&hellip;]","og_url":"https:\/\/alucoilcoating.com\/politica-de-cookies\/","og_site_name":"Alucoil Coating - termolac\u00ae","article_modified_time":"2024-03-12T09:14:09+00:00","twitter_card":"summary_large_image","twitter_misc":{"Dur\u00e9e de lecture estim\u00e9e":"7 minutes"},"schema":{"@context":"https:\/\/schema.org","@graph":[{"@type":"WebPage","@id":"https:\/\/alucoilcoating.com\/politica-de-cookies\/","url":"https:\/\/alucoilcoating.com\/politica-de-cookies\/","name":"Politique des cookies - Alucoil Coating - termolac\u00ae","isPartOf":{"@id":"https:\/\/alucoilcoating.com\/#website"},"datePublished":"2023-11-10T11:53:23+00:00","dateModified":"2024-03-12T09:14:09+00:00","breadcrumb":{"@id":"https:\/\/alucoilcoating.com\/politica-de-cookies\/#breadcrumb"},"inLanguage":"fr-FR","potentialAction":[{"@type":"ReadAction","target":["https:\/\/alucoilcoating.com\/politica-de-cookies\/"]}]},{"@type":"BreadcrumbList","@id":"https:\/\/alucoilcoating.com\/politica-de-cookies\/#breadcrumb","itemListElement":[{"@type":"ListItem","position":1,"name":"Portada","item":"https:\/\/alucoilcoating.com\/"},{"@type":"ListItem","position":2,"name":"Politique des cookies"}]},{"@type":"WebSite","@id":"https:\/\/alucoilcoating.com\/#website","url":"https:\/\/alucoilcoating.com\/","name":"Alucoil Coating - termolac\u00ae","description":"","publisher":{"@id":"https:\/\/alucoilcoating.com\/#organization"},"potentialAction":[{"@type":"SearchAction","target":{"@type":"EntryPoint","urlTemplate":"https:\/\/alucoilcoating.com\/?s={search_term_string}"},"query-input":{"@type":"PropertyValueSpecification","valueRequired":true,"valueName":"search_term_string"}}],"inLanguage":"fr-FR"},{"@type":"Organization","@id":"https:\/\/alucoilcoating.com\/#organization","name":"Alucoil Coating - termolac\u00ae","url":"https:\/\/alucoilcoating.com\/","logo":{"@type":"ImageObject","inLanguage":"fr-FR","@id":"https:\/\/alucoilcoating.com\/#\/schema\/logo\/image\/","url":"https:\/\/alucoilcoating.com\/wp-content\/uploads\/2023\/11\/Logo-ALUCOIL-COATING.png","contentUrl":"https:\/\/alucoilcoating.com\/wp-content\/uploads\/2023\/11\/Logo-ALUCOIL-COATING.png","width":1920,"height":1080,"caption":"Alucoil Coating - termolac\u00ae"},"image":{"@id":"https:\/\/alucoilcoating.com\/#\/schema\/logo\/image\/"}}]}},"_links":{"self":[{"href":"https:\/\/alucoilcoating.com\/fr\/wp-json\/wp\/v2\/pages\/1429","targetHints":{"allow":["GET"]}}],"collection":[{"href":"https:\/\/alucoilcoating.com\/fr\/wp-json\/wp\/v2\/pages"}],"about":[{"href":"https:\/\/alucoilcoating.com\/fr\/wp-json\/wp\/v2\/types\/page"}],"author":[{"embeddable":true,"href":"https:\/\/alucoilcoating.com\/fr\/wp-json\/wp\/v2\/users\/1"}],"replies":[{"embeddable":true,"href":"https:\/\/alucoilcoating.com\/fr\/wp-json\/wp\/v2\/comments?post=1429"}],"version-history":[{"count":10,"href":"https:\/\/alucoilcoating.com\/fr\/wp-json\/wp\/v2\/pages\/1429\/revisions"}],"predecessor-version":[{"id":1702,"href":"https:\/\/alucoilcoating.com\/fr\/wp-json\/wp\/v2\/pages\/1429\/revisions\/1702"}],"wp:attachment":[{"href":"https:\/\/alucoilcoating.com\/fr\/wp-json\/wp\/v2\/media?parent=1429"}],"curies":[{"name":"wp","href":"https:\/\/api.w.org\/{rel}","templated":true}]}}