{"id":1433,"date":"2023-11-10T12:52:25","date_gmt":"2023-11-10T11:52:25","guid":{"rendered":"https:\/\/alucoilcoating.com\/aviso-legal\/"},"modified":"2024-03-07T01:05:47","modified_gmt":"2024-03-07T00:05:47","slug":"rechtliche-hinweise","status":"publish","type":"page","link":"https:\/\/alucoilcoating.com\/de\/rechtliche-hinweise\/","title":{"rendered":"Rechtliche Hinweise"},"content":{"rendered":"\t\t<div data-elementor-type=\"wp-page\" data-elementor-id=\"1433\" class=\"elementor elementor-1433 elementor-28\" data-elementor-settings=\"{&quot;ha_cmc_init_switcher&quot;:&quot;no&quot;}\" data-elementor-post-type=\"page\">\n\t\t\t\t<div class=\"elementor-element elementor-element-e8c258b e-flex e-con-boxed e-con e-parent\" data-id=\"e8c258b\" data-element_type=\"container\" data-settings=\"{&quot;_ha_eqh_enable&quot;:false}\">\n\t\t\t\t\t<div class=\"e-con-inner\">\n\t\t\t\t<div class=\"elementor-element elementor-element-dd7cc8b elementor-widget elementor-widget-elementskit-heading\" data-id=\"dd7cc8b\" data-element_type=\"widget\" data-widget_type=\"elementskit-heading.default\">\n\t\t\t\t<div class=\"elementor-widget-container\">\n\t\t\t\t\t<div class=\"ekit-wid-con\" ><div class=\"ekit-heading elementskit-section-title-wraper text_left   ekit_heading_tablet-   ekit_heading_mobile-text_center\"><h2 class=\"ekit-heading--title elementskit-section-title \"><span><span>Rechtshinweis<\/span><\/span><\/h2><div class=\"ekit_heading_separetor_wraper ekit_heading_elementskit-border-divider elementskit-style-long\"><div class=\"elementskit-border-divider elementskit-style-long\"><\/div><\/div><\/div><\/div>\t\t\t\t<\/div>\n\t\t\t\t<\/div>\n\t\t\t\t<div class=\"elementor-element elementor-element-0b5d8e3 elementor-widget elementor-widget-text-editor\" data-id=\"0b5d8e3\" data-element_type=\"widget\" data-widget_type=\"text-editor.default\">\n\t\t\t\t<div class=\"elementor-widget-container\">\n\t\t\t\t\t\t\t\t\t<p>Der Eigent\u00fcmer dieser Website\u00a0<a href=\"https:\/\/alucoilcoating.com\/?lang=de\"><strong>www.alucoilcoating.com<\/strong><\/a>\u00a0ist das Unternehmen\u00a0<strong>Alucoil Coating, S.L.U.<\/strong>\u00a0 (im Folgenden \u201e<strong>Alucoil Coating<\/strong>\u201e), mit Sitz in Pol\u00edgono Industrial de Bayas, Calle Ircio, Parcelas R75 a R77, 09200, Miranda de Ebro (Burgos), Spanien, mit NIF B-44878833, E-Mail\u00a0<a href=\"mailto:info@alucoilcoating.com\"><strong>info@alucoilcoating.com<\/strong><\/a>, Telefon +34 947 33 33 80 und eingetragen im Handelsregister von Burgos, Band 808, Blatt 54, Sektion 8, Seite BU-19293.<\/p><p>\u00a0<\/p><p>Diese Website dient der allgemeinen Information \u00fcber\u00a0<strong>Alucoil Coating<\/strong>. Obwohl alle auf dieser Website enthaltenen Informationen sorgf\u00e4ltig gepr\u00fcft wurden, weist\u00a0<strong>Alucoil Coating<\/strong>\u00a0darauf hin, dass es Fehler oder Ungenauigkeiten geben kann und \u00fcbernimmt keinerlei Haftung f\u00fcr materielle Sch\u00e4den, die durch solche Fehler, Ungenauigkeiten, Unrichtigkeiten oder Missverst\u00e4ndnisse entstehen k\u00f6nnen. Der gesamte Inhalt dient nur zu Informationszwecken und kann durch direkten Kontakt mit dem Unternehmen selbst best\u00e4tigt werden.<\/p><p>\u00a0<\/p><p><strong>Alucoil Coating<\/strong>\u00a0beh\u00e4lt sich das Recht vor, alle Inhalte, die auf der Website erscheinen, zu aktualisieren, zu \u00e4ndern, zu bearbeiten oder zu l\u00f6schen, ohne dass eine Verpflichtung besteht, die Nutzer vorher zu benachrichtigen, wobei die blo\u00dfe Ver\u00f6ffentlichung im Internet ausreicht.<\/p><p>\u00a0<\/p><p>Der Nutzer verpflichtet sich, diese Website in \u00dcbereinstimmung mit dem Gesetz, den vorliegenden rechtlichen Hinweisen sowie den anderen Bedingungen, Vorschriften und Anweisungen, die gegebenenfalls anwendbar sind, korrekt zu nutzen.<\/p><p>\u00a0<\/p><p>Die Nutzung dieser Website macht die Person, die sie nutzt, zum Benutzer und setzt die Annahme aller Bedingungen voraus, die in diesem rechtlichen Hinweis enthalten sind, der vollst\u00e4ndig der spanischen Gesetzgebung unterliegt.<\/p><p>\u00a0<\/p><p>Alle Inhalte dieser Website (Texte, Fotos, Grafiken, Bilder, Technologie, Software, Links, audiovisuelle Inhalte, grafische Gestaltung, Quellcode usw.) sowie Marken und andere Kennzeichen, die f\u00fcr eine gewerbliche und\/oder kommerzielle Nutzung in Frage kommen, sind urheberrechtlich gesch\u00fctzt und ausschlie\u00dfliches Eigentum von\u00a0<strong>Alucoil Coating<\/strong>; der Nutzer erwirbt durch die blo\u00dfe Nutzung dieser Website keinerlei Rechte an ihnen.<\/p><p>\u00a0<\/p><p>Es ist verboten, diese Website in einer Weise zu nutzen, die das Eigentum, die Rechte oder die Interessen von\u00a0<strong>Alucoil Coating<\/strong>, ihren Kunden, Lieferanten oder Dritten sch\u00e4digen soll oder dazu f\u00fchrt. Es ist auch verboten, diese Website in einer Weise zu nutzen, die die Netzwerke, Server, Ger\u00e4te, Produkte und Software von\u00a0<strong>Alucoil Coating<\/strong>, seinen Kunden, Lieferanten oder Dritten ver\u00e4ndert, besch\u00e4digt oder au\u00dfer Betrieb setzt.<\/p><p>\u00a0<\/p><p>Der Nutzer hat Folgendes zu unterlassen:<\/p><p>\u00a0<\/p><ol><li>Den Inhalt dieser Website zu vervielf\u00e4ltigen, zu kopieren, zu verbreiten, Dritten zur Verf\u00fcgung zu stellen, \u00f6ffentlich mitzuteilen, umzuwandeln oder zu ver\u00e4ndern, es sei denn, dies ist gesetzlich vorgesehen oder ausdr\u00fccklich von\u00a0<strong>Alucoil Coating<\/strong>oder dem Inhaber dieser Rechte genehmigt;<\/li><li>Die auf dieser Website vorhandene Software oder Datenbanken f\u00fcr den privaten Gebrauch zu vervielf\u00e4ltigen oder zu kopieren sowie sie \u00f6ffentlich mitzuteilen oder Dritten zur Verf\u00fcgung zu stellen, wenn dies ihre Vervielf\u00e4ltigung beinhaltet;<\/li><li>Den Inhalt dieser Website ganz oder zu einem wesentlichen Teil zu entnehmen oder wiederzuverwenden.<\/li><\/ol><p>\u00a0<\/p><p>In jedem Fall ist die Nutzung oder Vervielf\u00e4ltigung von Inhalten oder Datenbanken, die ausdr\u00fccklich von\u00a0<strong>Alucoil Coating<\/strong>\u00a0genehmigt wurde, von den oben genannten Bestimmungen ausgenommen. Der Benutzer, der Links zu dieser Website einf\u00fcgen m\u00f6chte, muss die folgenden Bedingungen erf\u00fcllen:<\/p><p>\u00a0<\/p><ol><li>D\u00fcrfen keine\u00a0<em>Frames\u00a0<\/em>oder Rahmen jeglicher Art erstellen, die die Website umgeben oder die Betrachtung \u00fcber verschiedene Internetadressen oder zusammen mit Inhalten au\u00dferhalb dieser Website erm\u00f6glichen, so dass bei den Nutzern ein Irrtum oder eine Verwirrung \u00fcber die Herkunft des Dienstes oder seines Inhalts hervorgerufen wird oder hervorgerufen werden kann, ein Akt des Vergleichs oder der unlauteren Nachahmung vorliegt, dazu dient, den Ruf, die Marke und das Ansehen von\u00a0<strong>Alucoil Coating<\/strong>oder seinen Kunden auszunutzen, oder auf eine andere gesetzlich verbotene Weise erfolgt;<\/li><li>Von der Seite, die den Link setzt, darf keine falsche oder ungenaue Aussage \u00fcber\u00a0<strong>Alucoil Coating<\/strong>, \u00fcber die Qualit\u00e4t ihrer Dienstleistungen oder \u00fcber ihre Lieferanten, Mitarbeiter oder Kunden gemacht werden;<\/li><li>Der Absender darf das Warenzeichen oder ein anderes Unterscheidungsmerkmal von\u00a0<strong>Alucoil Coating<\/strong>auf seiner Website nicht verwenden, es sei denn, er ist gesetzlich dazu erm\u00e4chtigt oder von\u00a0<strong>Alucoil Coating<\/strong>\u00a0ausdr\u00fccklich zugelassen;<\/li><li>Die Seite, die den Link herstellt, muss der geltenden Gesetzgebung entsprechen und darf keine illegalen, sch\u00e4dlichen, gegen Moral und Anstand versto\u00dfenden Inhalte bereitstellen oder verlinken, die den falschen Eindruck erwecken oder erwecken k\u00f6nnen, dass\u00a0<strong>Alucoil Coating<\/strong>oder ihre Kunden die Ideen, Erkl\u00e4rungen oder Handlungen des Absenders guthei\u00dfen oder unterst\u00fctzen, oder die in Bezug auf die von\u00a0<strong>Alucoil Coating<\/strong>\u00a0und ihren Kunden ausge\u00fcbte T\u00e4tigkeit unangemessen sind, und zwar unter Ber\u00fccksichtigung des Inhalts und der allgemeinen Thematik der Website, auf der der Link hergestellt wird.<\/li><\/ol><p>\u00a0<\/p><p>Diese Website kann technische Verkn\u00fcpfungen enthalten, die es dem Benutzer erm\u00f6glichen, auf andere Internetseiten (Links) von Dritten zuzugreifen.\u00a0<strong>Alucoil Coating<\/strong>\u00a0hat keine Kenntnis von den Inhalten und Dienstleistungen der Links und haftet daher nicht f\u00fcr Sch\u00e4den, die sich aus deren mangelnder Qualit\u00e4t, Veralterung, Nichtverf\u00fcgbarkeit, Irrtum, Nutzlosigkeit oder Rechtswidrigkeit ergeben, und ist nicht f\u00fcr die dort gemachten Aussagen oder die dort angebotenen Inhalte oder Dienstleistungen verantwortlich. Wenn ein Benutzer feststellt, dass die Links auf Seiten verweisen, deren Inhalt oder Dienstleistungen illegal, sch\u00e4dlich, entw\u00fcrdigend, gewaltt\u00e4tig oder unmoralisch sind, k\u00f6nnen Sie\u00a0<strong>Alucoil Coating<\/strong>\u00a0kontaktieren und dies mitteilen.<\/p>\t\t\t\t\t\t\t\t<\/div>\n\t\t\t\t<\/div>\n\t\t\t\t\t<\/div>\n\t\t\t\t<\/div>\n\t\t\t\t<\/div>\n\t\t","protected":false},"excerpt":{"rendered":"<p>Rechtshinweis Der Eigent\u00fcmer dieser Website\u00a0www.alucoilcoating.com\u00a0ist das Unternehmen\u00a0Alucoil Coating, S.L.U.\u00a0 (im Folgenden \u201eAlucoil Coating\u201e), mit Sitz in Pol\u00edgono Industrial de Bayas, Calle Ircio, Parcelas R75 a R77, 09200, Miranda de Ebro (Burgos), Spanien, mit NIF B-44878833, E-Mail\u00a0info@alucoilcoating.com, Telefon +34 947 33 33 80 und eingetragen im Handelsregister von Burgos, Band 808, Blatt 54, Sektion 8, Seite [&hellip;]<\/p>\n","protected":false},"author":1,"featured_media":0,"parent":0,"menu_order":0,"comment_status":"closed","ping_status":"closed","template":"elementor_header_footer","meta":{"footnotes":""},"class_list":["post-1433","page","type-page","status-publish","hentry"],"yoast_head":"<!-- This site is optimized with the Yoast SEO plugin v27.0 - https:\/\/yoast.com\/product\/yoast-seo-wordpress\/ -->\n<title>Rechtliche Hinweise - Alucoil Coating - termolac\u00ae<\/title>\n<meta name=\"robots\" content=\"index, follow, max-snippet:-1, max-image-preview:large, max-video-preview:-1\" \/>\n<link rel=\"canonical\" href=\"https:\/\/alucoilcoating.com\/aviso-legal\/\" \/>\n<meta property=\"og:locale\" content=\"de_DE\" \/>\n<meta property=\"og:type\" content=\"article\" \/>\n<meta property=\"og:title\" content=\"Rechtliche Hinweise - Alucoil Coating - termolac\u00ae\" \/>\n<meta property=\"og:description\" content=\"Rechtshinweis Der Eigent\u00fcmer dieser Website\u00a0www.alucoilcoating.com\u00a0ist das Unternehmen\u00a0Alucoil Coating, S.L.U.\u00a0 (im Folgenden \u201eAlucoil Coating\u201e), mit Sitz in Pol\u00edgono Industrial de Bayas, Calle Ircio, Parcelas R75 a R77, 09200, Miranda de Ebro (Burgos), Spanien, mit NIF B-44878833, E-Mail\u00a0info@alucoilcoating.com, Telefon +34 947 33 33 80 und eingetragen im Handelsregister von Burgos, Band 808, Blatt 54, Sektion 8, Seite [&hellip;]\" \/>\n<meta property=\"og:url\" content=\"https:\/\/alucoilcoating.com\/aviso-legal\/\" \/>\n<meta property=\"og:site_name\" content=\"Alucoil Coating - termolac\u00ae\" \/>\n<meta property=\"article:modified_time\" content=\"2024-03-07T00:05:47+00:00\" \/>\n<meta name=\"twitter:card\" content=\"summary_large_image\" \/>\n<meta name=\"twitter:label1\" content=\"Gesch\u00e4tzte Lesezeit\" \/>\n\t<meta name=\"twitter:data1\" content=\"4\u00a0Minuten\" \/>\n<script type=\"application\/ld+json\" class=\"yoast-schema-graph\">{\"@context\":\"https:\/\/schema.org\",\"@graph\":[{\"@type\":\"WebPage\",\"@id\":\"https:\/\/alucoilcoating.com\/aviso-legal\/\",\"url\":\"https:\/\/alucoilcoating.com\/aviso-legal\/\",\"name\":\"Rechtliche Hinweise - Alucoil Coating - termolac\u00ae\",\"isPartOf\":{\"@id\":\"https:\/\/alucoilcoating.com\/#website\"},\"datePublished\":\"2023-11-10T11:52:25+00:00\",\"dateModified\":\"2024-03-07T00:05:47+00:00\",\"breadcrumb\":{\"@id\":\"https:\/\/alucoilcoating.com\/aviso-legal\/#breadcrumb\"},\"inLanguage\":\"de\",\"potentialAction\":[{\"@type\":\"ReadAction\",\"target\":[\"https:\/\/alucoilcoating.com\/aviso-legal\/\"]}]},{\"@type\":\"BreadcrumbList\",\"@id\":\"https:\/\/alucoilcoating.com\/aviso-legal\/#breadcrumb\",\"itemListElement\":[{\"@type\":\"ListItem\",\"position\":1,\"name\":\"Portada\",\"item\":\"https:\/\/alucoilcoating.com\/\"},{\"@type\":\"ListItem\",\"position\":2,\"name\":\"Rechtliche Hinweise\"}]},{\"@type\":\"WebSite\",\"@id\":\"https:\/\/alucoilcoating.com\/#website\",\"url\":\"https:\/\/alucoilcoating.com\/\",\"name\":\"Alucoil Coating - termolac\u00ae\",\"description\":\"\",\"publisher\":{\"@id\":\"https:\/\/alucoilcoating.com\/#organization\"},\"potentialAction\":[{\"@type\":\"SearchAction\",\"target\":{\"@type\":\"EntryPoint\",\"urlTemplate\":\"https:\/\/alucoilcoating.com\/?s={search_term_string}\"},\"query-input\":{\"@type\":\"PropertyValueSpecification\",\"valueRequired\":true,\"valueName\":\"search_term_string\"}}],\"inLanguage\":\"de\"},{\"@type\":\"Organization\",\"@id\":\"https:\/\/alucoilcoating.com\/#organization\",\"name\":\"Alucoil Coating - termolac\u00ae\",\"url\":\"https:\/\/alucoilcoating.com\/\",\"logo\":{\"@type\":\"ImageObject\",\"inLanguage\":\"de\",\"@id\":\"https:\/\/alucoilcoating.com\/#\/schema\/logo\/image\/\",\"url\":\"https:\/\/alucoilcoating.com\/wp-content\/uploads\/2023\/11\/Logo-ALUCOIL-COATING.png\",\"contentUrl\":\"https:\/\/alucoilcoating.com\/wp-content\/uploads\/2023\/11\/Logo-ALUCOIL-COATING.png\",\"width\":1920,\"height\":1080,\"caption\":\"Alucoil Coating - termolac\u00ae\"},\"image\":{\"@id\":\"https:\/\/alucoilcoating.com\/#\/schema\/logo\/image\/\"}}]}<\/script>\n<!-- \/ Yoast SEO plugin. -->","yoast_head_json":{"title":"Rechtliche Hinweise - Alucoil Coating - termolac\u00ae","robots":{"index":"index","follow":"follow","max-snippet":"max-snippet:-1","max-image-preview":"max-image-preview:large","max-video-preview":"max-video-preview:-1"},"canonical":"https:\/\/alucoilcoating.com\/aviso-legal\/","og_locale":"de_DE","og_type":"article","og_title":"Rechtliche Hinweise - Alucoil Coating - termolac\u00ae","og_description":"Rechtshinweis Der Eigent\u00fcmer dieser Website\u00a0www.alucoilcoating.com\u00a0ist das Unternehmen\u00a0Alucoil Coating, S.L.U.\u00a0 (im Folgenden \u201eAlucoil Coating\u201e), mit Sitz in Pol\u00edgono Industrial de Bayas, Calle Ircio, Parcelas R75 a R77, 09200, Miranda de Ebro (Burgos), Spanien, mit NIF B-44878833, E-Mail\u00a0info@alucoilcoating.com, Telefon +34 947 33 33 80 und eingetragen im Handelsregister von Burgos, Band 808, Blatt 54, Sektion 8, Seite [&hellip;]","og_url":"https:\/\/alucoilcoating.com\/aviso-legal\/","og_site_name":"Alucoil Coating - termolac\u00ae","article_modified_time":"2024-03-07T00:05:47+00:00","twitter_card":"summary_large_image","twitter_misc":{"Gesch\u00e4tzte Lesezeit":"4\u00a0Minuten"},"schema":{"@context":"https:\/\/schema.org","@graph":[{"@type":"WebPage","@id":"https:\/\/alucoilcoating.com\/aviso-legal\/","url":"https:\/\/alucoilcoating.com\/aviso-legal\/","name":"Rechtliche Hinweise - Alucoil Coating - termolac\u00ae","isPartOf":{"@id":"https:\/\/alucoilcoating.com\/#website"},"datePublished":"2023-11-10T11:52:25+00:00","dateModified":"2024-03-07T00:05:47+00:00","breadcrumb":{"@id":"https:\/\/alucoilcoating.com\/aviso-legal\/#breadcrumb"},"inLanguage":"de","potentialAction":[{"@type":"ReadAction","target":["https:\/\/alucoilcoating.com\/aviso-legal\/"]}]},{"@type":"BreadcrumbList","@id":"https:\/\/alucoilcoating.com\/aviso-legal\/#breadcrumb","itemListElement":[{"@type":"ListItem","position":1,"name":"Portada","item":"https:\/\/alucoilcoating.com\/"},{"@type":"ListItem","position":2,"name":"Rechtliche Hinweise"}]},{"@type":"WebSite","@id":"https:\/\/alucoilcoating.com\/#website","url":"https:\/\/alucoilcoating.com\/","name":"Alucoil Coating - termolac\u00ae","description":"","publisher":{"@id":"https:\/\/alucoilcoating.com\/#organization"},"potentialAction":[{"@type":"SearchAction","target":{"@type":"EntryPoint","urlTemplate":"https:\/\/alucoilcoating.com\/?s={search_term_string}"},"query-input":{"@type":"PropertyValueSpecification","valueRequired":true,"valueName":"search_term_string"}}],"inLanguage":"de"},{"@type":"Organization","@id":"https:\/\/alucoilcoating.com\/#organization","name":"Alucoil Coating - termolac\u00ae","url":"https:\/\/alucoilcoating.com\/","logo":{"@type":"ImageObject","inLanguage":"de","@id":"https:\/\/alucoilcoating.com\/#\/schema\/logo\/image\/","url":"https:\/\/alucoilcoating.com\/wp-content\/uploads\/2023\/11\/Logo-ALUCOIL-COATING.png","contentUrl":"https:\/\/alucoilcoating.com\/wp-content\/uploads\/2023\/11\/Logo-ALUCOIL-COATING.png","width":1920,"height":1080,"caption":"Alucoil Coating - termolac\u00ae"},"image":{"@id":"https:\/\/alucoilcoating.com\/#\/schema\/logo\/image\/"}}]}},"_links":{"self":[{"href":"https:\/\/alucoilcoating.com\/de\/wp-json\/wp\/v2\/pages\/1433","targetHints":{"allow":["GET"]}}],"collection":[{"href":"https:\/\/alucoilcoating.com\/de\/wp-json\/wp\/v2\/pages"}],"about":[{"href":"https:\/\/alucoilcoating.com\/de\/wp-json\/wp\/v2\/types\/page"}],"author":[{"embeddable":true,"href":"https:\/\/alucoilcoating.com\/de\/wp-json\/wp\/v2\/users\/1"}],"replies":[{"embeddable":true,"href":"https:\/\/alucoilcoating.com\/de\/wp-json\/wp\/v2\/comments?post=1433"}],"version-history":[{"count":4,"href":"https:\/\/alucoilcoating.com\/de\/wp-json\/wp\/v2\/pages\/1433\/revisions"}],"predecessor-version":[{"id":1643,"href":"https:\/\/alucoilcoating.com\/de\/wp-json\/wp\/v2\/pages\/1433\/revisions\/1643"}],"wp:attachment":[{"href":"https:\/\/alucoilcoating.com\/de\/wp-json\/wp\/v2\/media?parent=1433"}],"curies":[{"name":"wp","href":"https:\/\/api.w.org\/{rel}","templated":true}]}}