{"id":1430,"date":"2023-11-10T12:53:23","date_gmt":"2023-11-10T11:53:23","guid":{"rendered":"https:\/\/alucoilcoating.com\/politica-de-cookies\/"},"modified":"2024-03-12T10:15:44","modified_gmt":"2024-03-12T09:15:44","slug":"cookies-richtlinie","status":"publish","type":"page","link":"https:\/\/alucoilcoating.com\/de\/cookies-richtlinie\/","title":{"rendered":"Cookies-Richtlinie"},"content":{"rendered":"\t\t<div data-elementor-type=\"wp-page\" data-elementor-id=\"1430\" class=\"elementor elementor-1430 elementor-30\" data-elementor-settings=\"{&quot;ha_cmc_init_switcher&quot;:&quot;no&quot;}\" data-elementor-post-type=\"page\">\n\t\t\t\t<div class=\"elementor-element elementor-element-2f46f9e e-flex e-con-boxed e-con e-parent\" data-id=\"2f46f9e\" data-element_type=\"container\" data-settings=\"{&quot;_ha_eqh_enable&quot;:false}\">\n\t\t\t\t\t<div class=\"e-con-inner\">\n\t\t\t\t<div class=\"elementor-element elementor-element-fe00460 elementor-widget elementor-widget-elementskit-heading\" data-id=\"fe00460\" data-element_type=\"widget\" data-widget_type=\"elementskit-heading.default\">\n\t\t\t\t<div class=\"elementor-widget-container\">\n\t\t\t\t\t<div class=\"ekit-wid-con\" ><div class=\"ekit-heading elementskit-section-title-wraper text_left   ekit_heading_tablet-   ekit_heading_mobile-text_center\"><h2 class=\"ekit-heading--title elementskit-section-title \"><span><span>Cookie<\/span><\/span>-Richtlinien<\/h2><div class=\"ekit_heading_separetor_wraper ekit_heading_elementskit-border-divider elementskit-style-long\"><div class=\"elementskit-border-divider elementskit-style-long\"><\/div><\/div><\/div><\/div>\t\t\t\t<\/div>\n\t\t\t\t<\/div>\n\t\t\t\t<div class=\"elementor-element elementor-element-7ed20b5 elementor-widget elementor-widget-text-editor\" data-id=\"7ed20b5\" data-element_type=\"widget\" data-widget_type=\"text-editor.default\">\n\t\t\t\t<div class=\"elementor-widget-container\">\n\t\t\t\t\t\t\t\t\t<p><strong>Was ist ein Cookie?<\/strong><\/p><p>Ein Cookie ist eine Textdatei, die auf Ihren PC heruntergeladen wird, wenn Sie auf bestimmte Webseiten zugreifen. Die Cookies erm\u00f6glichen es, einer Webseite (unter anderem) Informationen \u00fcber die Surfgewohnheiten eines Benutzers oder seines Teams zu speichern und abzurufen. Dies h\u00e4ngt von den darin enthaltenen Informationen und der Art und Weise ab, wie Ihre Ger\u00e4te verwendet werden, um sie zu erkennen.<\/p><p>Diese Medien erhalten jedoch nur Informationen \u00fcber die Anzahl der Besuche, die Stadt, auf die auf die IP-Adresse zugegriffen wird, die Anzahl der neuen Benutzer, die H\u00e4ufigkeit und R\u00fcckf\u00e4lligkeit von Besuchen, die Besuchszeit, der Browser, Betreiber oder Typ des Terminals, von dem aus der Besuch erfolgt. In keinem Fall werden Daten \u00fcber den Namen, den Nachnamen, die Postanschrift oder andere \u00e4hnliche Daten des Benutzers erhalten, der eine Verbindung hergestellt hat.<\/p><p><strong>Welche Arten von Cookies gibt es?<\/strong><\/p><p>Sie k\u00f6nnen eigenen Cookies oder Third-Party Cookies sein. Eigenen Cookies sind diejenigen, die von einem PC oder einer Dom\u00e4ne, die vom Webeditor selbst verwaltet wird, an den PC des Benutzers gesendet werden, von dem aus der vom Benutzer angeforderte Dienst bereitgestellt wird. Die Third-Party Cookies sind diejenigen, die von einem PC oder einer Dom\u00e4ne an das Endger\u00e4t des Benutzers gesendet werden, die nicht vom Herausgeber verwaltet wird, sondern von einer anderen Grundlage, die die durch Cookies erhaltenen Daten verarbeitet.<\/p><p>Dar\u00fcber hinaus k\u00f6nnen Session-Cookies oder Persistente Cookies sein. Die Session-Cookies sind eine Art von Cookies, mit denen Daten gesammelt und gespeichert werden, w\u00e4hrend der Benutzer auf eine Webseite zugreift. Die Persistente Cookies sind eine Art von Cookies, bei dem die im Terminal gespeicherten Daten gespeichert bleiben und f\u00fcr einen von der f\u00fcr das Cookie verantwortlichen Person festgelegten Zeitraum abgerufen und verarbeitet werden k\u00f6nnen. Dieser Zeitraum kann zwischen einigen Minuten und mehreren Jahren liegen.<\/p><p><strong>Wer ist f\u00fcr die Behandlung von Cookies auf dieser Webseite verantwortlich?<\/strong><\/p><p>Der Inhaber der Webseite und der Verantwortliche f\u00fcr die Behandlung der hier verwendeten Cookies sowie deren Kontaktinformationen sind im\u00a0Rechtlicher Hinweis\u00a0auf dieser Seite zug\u00e4nglich. Ebenso k\u00f6nnen andere Third-Party Cookies als der Eigent\u00fcmer dieser Webseite vorhanden sein.<\/p><p><strong>Wie werden die Cookies von dieser Webseite verwendet?<\/strong><\/p><table width=\"1305\"><tbody><tr><td><p><strong>Eigene\/<br \/>Dritte<\/strong><\/p><\/td><td><p><strong>Dom\u00e4en, denen Cookies zugeordnet sind<\/strong><\/p><\/td><td><p><strong>Cookiesart entsprechend seinem Zweck<\/strong><\/p><\/td><td><p><strong>Beschreibung<\/strong><\/p><\/td><td><p><strong>Ablauf der einmal installierten Cookies<\/strong><\/p><\/td><\/tr><tr><td><p>Eigene<\/p><\/td><td><p><a href=\"http:\/\/www.alucoil.com\/\">www.alucoilcoating.com<\/a>\u00a0<\/p><\/td><td><p>Technische<\/p><\/td><td><p>Mit diesen k\u00f6nnen Sie das Benutzerverhalten von einer Seite zur anderen verfolgen, sodass Sie nicht nach mehr Informationen als zuvor angegeben gefragt werden.<\/p><\/td><td><p>Session<\/p><\/td><\/tr><tr><td rowspan=\"4\"><p>Dritte<\/p><\/td><td><p><a href=\"http:\/\/www.google.com\/\">www.google.com<\/a><br \/><a href=\"http:\/\/www.youtube.com\/\">www.youtube.com<\/a>\u00a0<br \/><a href=\"http:\/\/www.maps.google.com\/\">www.maps.google.com<\/a>\u00a0<\/p><\/td><td><p>Personalisierung<\/p><\/td><td><p>Sie erm\u00f6glichen es, eine personalisierte Erfahrung des Inhalts von dieser Webseite (z. B. Sprache) zu bitten, relevante Inhalte f\u00fcr den Benutzer zu zeigen und Nachtrichten oder Warnungen, die Sie fordern, zu senden. Wenn sie nicht akzeptiert werden, wird die Navigation stattfinden, aber ohne Ber\u00fccksichtigung von Vorlieben.<\/p><\/td><td><p>10 Minuten \u2013 2 Jahren<\/p><\/td><\/tr><tr><td><p><a href=\"http:\/\/www.google.com\/analytics\">www.google.com\/analytics<\/a><br \/><a href=\"http:\/\/www.youtube.com\/\">www.youtube.com<\/a>\u00a0<\/p><\/td><td><p>Analyse<\/p><\/td><td><p>Sie erm\u00f6glichen es, die Anzahl der Benutzer zu quantifizieren und ihre Navigation zu untersuchen. Auf diese Weise k\u00f6nnen sie die Nutzung der Webseite statistisch messen und analysieren, um den Inhalt und den Dienst durch die Webseite zu verbessern. Sie k\u00f6nnen eigenen Cookies oder Third-Party Cookies sein. Wenn sie nicht akzeptiert werden, wird die angegebene Analyse einfach nicht durchgef\u00fchrt.<\/p><\/td><td><p>Session \u2013 2 Jahren<\/p><\/td><\/tr><tr><td>\u00a0<\/td><td>\u00a0<\/td><td>\u00a0<\/td><td>\u00a0<\/td><\/tr><tr><td><p><a href=\"http:\/\/www.doubleclick.com\/\">www.doubleclick.com<\/a>\u00a0<\/p><\/td><td><p>Werbung<\/p><\/td><td><p>Sie erm\u00f6glichen die Verwaltung und Optimierung der Werbung, die der Nutzer erh\u00e4lt, beispielsweise welche Anzeigen f\u00fcr ihn am relevantesten sind oder mit welcher H\u00e4ufigkeit sie ihm gezeigt werden. Sie k\u00f6nnen eigenen Cookies oder Third-Party Cookies sein. Wenn sie nicht akzeptiert werden, wird die Werbung, die weiterhin angezeigt wird, nicht personalisiert sein.<\/p><\/td><td><p>1 Jahren und 7 Monaten<\/p><\/td><\/tr><\/tbody><\/table><p><strong>Was ist die Legitimation f\u00fcr die Verwendung von Cookies?<\/strong><\/p><p>Technische Cookies, das hei\u00dft solche, die f\u00fcr das Durchsuchen dieser Website und den Erhalt des \u00fcber sie angebotenen Dienstes unerl\u00e4sslich sind, haben die Rechtsgrundlage in die Vereinbarung, \u00fcber die Sie sich entscheiden, diese Website und ihre Dienste zu nutzen.\u00a0<\/p><p>Rechtsgrundlage f\u00fcr die Verwendung anderer Cookies ist die Einwilligung des Nutzers, die zum Zeitpunkt des Zugriffs auf diese Website angefordert wird und jederzeit widerrufen werden kann. Der Widerruf dieser Einwilligung hat keine Auswirkungen auf die M\u00f6glichkeit, auf dieser Website zu surfen und ihre Dienste zu nutzen. Die zuvor durchgef\u00fchrte Datenverarbeitung verliert jedoch nicht ihre Rechtm\u00e4\u00dfigkeit, f\u00fcr die Tatsache, dass die Einwilligung widerrufen wurde.\u00a0<\/p><p><strong>An welche Empf\u00e4nger werden Cookies \u00fcbermittelt oder k\u00f6nnen sie darauf zugreifen?<\/strong><\/p><p>Wenn es Third-Party Cookies gibt,\u00a0wie oben angegeben, k\u00f6nnen diese Drittanbietern auf Cookies zugreifen und diese auf die oben beschriebene Weise verwenden.<\/p><p><strong>Welche Rechte haben Sie in Bezug auf die Verwendung von Cookies auf dieser Webseite?<\/strong><\/p><p>Nach den geltenden Vorschriften hat jeder das Recht, eine Best\u00e4tigung dar\u00fcber zu erhalten, ob personenbezogene Daten, die ihn betreffen, verarbeitet werden oder nicht. Ebenso haben interessierte Personen das Recht, auf ihre Daten zuzugreifen sowie die Berichtigung ungenauer Daten zu beantragen oder gegebenenfalls deren L\u00f6schung zu beantragen, wenn die Daten unter anderem f\u00fcr die Zwecke, f\u00fcr die sie nicht mehr erforderlich sind, erforderlich sind wurden gesammelt. Im Falle von Cookies k\u00f6nnen diese Rechte vorbehaltlich der Einschr\u00e4nkungen ausge\u00fcbt werden, die sich aus der Art dieser Dateien ergeben.<\/p><p>Unter den in der Allgemeinen Datenschutzverordnung vorgesehenen Bedingungen k\u00f6nnen die interessierten Parteien die Einschr\u00e4nkung der Behandlung ihrer Daten oder ihrer Portabilit\u00e4t beantragen. In diesem Fall werden wir sie nur zur Aus\u00fcbung oder Verteidigung von Anspr\u00fcchen aufbewahren.<\/p><p>Unter bestimmten Umst\u00e4nden und aus Gr\u00fcnden, die mit ihrer jeweiligen Situation zusammenh\u00e4ngen, k\u00f6nnen die interessierten Parteien der Verarbeitung ihrer Daten widersprechen. Wenn Sie eine Einwilligung f\u00fcr einen bestimmten Zweck erteilt haben, haben Sie das Recht, diese jederzeit zu widerrufen, ohne die Rechtm\u00e4\u00dfigkeit der Behandlung aufgrund der Einwilligung vor ihrem Widerruf zu beeintr\u00e4chtigen. In diesen F\u00e4llen werden wir die Verarbeitung der Daten einstellen oder gegebenenfalls f\u00fcr diesen bestimmten Zweck einstellen, au\u00dfer aus zwingenden berechtigten Gr\u00fcnden oder zur Aus\u00fcbung oder Verteidigung m\u00f6glicher Anspr\u00fcche.<\/p><p>Angesichts einer Verletzung Ihrer Rechte, insbesondere wenn Sie mit Ihrer Aus\u00fcbung nicht zufrieden sind, k\u00f6nnen Sie eine Klage bei der spanischen Datenschutzbeh\u00f6rde (Kontaktdaten unter www.agpd.es) oder einer anderen zust\u00e4ndigen Kontrollbeh\u00f6rde einreichen.\u00a0Weitere Informationen zu Ihren Rechten erhalten Sie auch, indem Sie sich an diese Organisationen wenden.<\/p><p><strong>Wie kann ich Cookies verwalten?<\/strong><\/p><p>Sie k\u00f6nnen die auf Ihrem PC installierten Cookies zulassen, blockieren oder l\u00f6schen, indem Sie auf den folgenden Link klicken: [cky_settings]<\/p><p>Also by configuring your browser options. You can find information on how to do this, in relation to the most common browsers, in the following links:<\/p><ul><li>Explorer:\u00a0<a href=\"https:\/\/support.microsoft.com\/es-es\/help\/17442\/windows-internet-explorer-delete-manage-cookies\" target=\"_blank\" rel=\"noopener\"><strong>https:\/\/support.microsoft.com\/es-es\/help\/17442\/windows-internet-explorer-delete-manage-cookies<\/strong><\/a><\/li><li>Firefox:\u00a0<a href=\"https:\/\/support.mozilla.org\/es\/kb\/habilitar-y-deshabilitar-cookies-que-los-sitios-we\" target=\"_blank\" rel=\"noopener\"><strong>https:\/\/support.mozilla.org\/es\/kb\/habilitar-y-deshabilitar-cookies-que-los-sitios-we<\/strong><\/a><\/li><li>Chrome:\u00a0<a href=\"http:\/\/support.google.com\/chrome\/bin\/answer.py?hl=es&amp;answer=95647\" target=\"_blank\" rel=\"noopener\"><strong>http:\/\/support.google.com\/chrome\/bin\/answer.py?hl=es&amp;answer=95647<\/strong><\/a><\/li><li>Safari:\u00a0<a href=\"https:\/\/support.apple.com\/es-es\/guide\/safari\/sfri11471\/mac\" target=\"_blank\" rel=\"noopener\"><strong>https:\/\/support.apple.com\/es-es\/guide\/safari\/sfri11471\/mac<\/strong><\/a><\/li><\/ul>\t\t\t\t\t\t\t\t<\/div>\n\t\t\t\t<\/div>\n\t\t\t\t\t<\/div>\n\t\t\t\t<\/div>\n\t\t\t\t<\/div>\n\t\t","protected":false},"excerpt":{"rendered":"<p>Cookie-Richtlinien Was ist ein Cookie? Ein Cookie ist eine Textdatei, die auf Ihren PC heruntergeladen wird, wenn Sie auf bestimmte Webseiten zugreifen. Die Cookies erm\u00f6glichen es, einer Webseite (unter anderem) Informationen \u00fcber die Surfgewohnheiten eines Benutzers oder seines Teams zu speichern und abzurufen. Dies h\u00e4ngt von den darin enthaltenen Informationen und der Art und Weise [&hellip;]<\/p>\n","protected":false},"author":1,"featured_media":0,"parent":0,"menu_order":0,"comment_status":"closed","ping_status":"closed","template":"elementor_header_footer","meta":{"footnotes":""},"class_list":["post-1430","page","type-page","status-publish","hentry"],"yoast_head":"<!-- This site is optimized with the Yoast SEO plugin v27.0 - https:\/\/yoast.com\/product\/yoast-seo-wordpress\/ -->\n<title>Cookies-Richtlinie - Alucoil Coating - termolac\u00ae<\/title>\n<meta name=\"robots\" content=\"index, follow, max-snippet:-1, max-image-preview:large, max-video-preview:-1\" \/>\n<link rel=\"canonical\" href=\"https:\/\/alucoilcoating.com\/politica-de-cookies\/\" \/>\n<meta property=\"og:locale\" content=\"de_DE\" \/>\n<meta property=\"og:type\" content=\"article\" \/>\n<meta property=\"og:title\" content=\"Cookies-Richtlinie - Alucoil Coating - termolac\u00ae\" \/>\n<meta property=\"og:description\" content=\"Cookie-Richtlinien Was ist ein Cookie? Ein Cookie ist eine Textdatei, die auf Ihren PC heruntergeladen wird, wenn Sie auf bestimmte Webseiten zugreifen. Die Cookies erm\u00f6glichen es, einer Webseite (unter anderem) Informationen \u00fcber die Surfgewohnheiten eines Benutzers oder seines Teams zu speichern und abzurufen. Dies h\u00e4ngt von den darin enthaltenen Informationen und der Art und Weise [&hellip;]\" \/>\n<meta property=\"og:url\" content=\"https:\/\/alucoilcoating.com\/politica-de-cookies\/\" \/>\n<meta property=\"og:site_name\" content=\"Alucoil Coating - termolac\u00ae\" \/>\n<meta property=\"article:modified_time\" content=\"2024-03-12T09:15:44+00:00\" \/>\n<meta name=\"twitter:card\" content=\"summary_large_image\" \/>\n<meta name=\"twitter:label1\" content=\"Gesch\u00e4tzte Lesezeit\" \/>\n\t<meta name=\"twitter:data1\" content=\"6\u00a0Minuten\" \/>\n<script type=\"application\/ld+json\" class=\"yoast-schema-graph\">{\"@context\":\"https:\/\/schema.org\",\"@graph\":[{\"@type\":\"WebPage\",\"@id\":\"https:\/\/alucoilcoating.com\/politica-de-cookies\/\",\"url\":\"https:\/\/alucoilcoating.com\/politica-de-cookies\/\",\"name\":\"Cookies-Richtlinie - Alucoil Coating - termolac\u00ae\",\"isPartOf\":{\"@id\":\"https:\/\/alucoilcoating.com\/#website\"},\"datePublished\":\"2023-11-10T11:53:23+00:00\",\"dateModified\":\"2024-03-12T09:15:44+00:00\",\"breadcrumb\":{\"@id\":\"https:\/\/alucoilcoating.com\/politica-de-cookies\/#breadcrumb\"},\"inLanguage\":\"de\",\"potentialAction\":[{\"@type\":\"ReadAction\",\"target\":[\"https:\/\/alucoilcoating.com\/politica-de-cookies\/\"]}]},{\"@type\":\"BreadcrumbList\",\"@id\":\"https:\/\/alucoilcoating.com\/politica-de-cookies\/#breadcrumb\",\"itemListElement\":[{\"@type\":\"ListItem\",\"position\":1,\"name\":\"Portada\",\"item\":\"https:\/\/alucoilcoating.com\/\"},{\"@type\":\"ListItem\",\"position\":2,\"name\":\"Cookies-Richtlinie\"}]},{\"@type\":\"WebSite\",\"@id\":\"https:\/\/alucoilcoating.com\/#website\",\"url\":\"https:\/\/alucoilcoating.com\/\",\"name\":\"Alucoil Coating - termolac\u00ae\",\"description\":\"\",\"publisher\":{\"@id\":\"https:\/\/alucoilcoating.com\/#organization\"},\"potentialAction\":[{\"@type\":\"SearchAction\",\"target\":{\"@type\":\"EntryPoint\",\"urlTemplate\":\"https:\/\/alucoilcoating.com\/?s={search_term_string}\"},\"query-input\":{\"@type\":\"PropertyValueSpecification\",\"valueRequired\":true,\"valueName\":\"search_term_string\"}}],\"inLanguage\":\"de\"},{\"@type\":\"Organization\",\"@id\":\"https:\/\/alucoilcoating.com\/#organization\",\"name\":\"Alucoil Coating - termolac\u00ae\",\"url\":\"https:\/\/alucoilcoating.com\/\",\"logo\":{\"@type\":\"ImageObject\",\"inLanguage\":\"de\",\"@id\":\"https:\/\/alucoilcoating.com\/#\/schema\/logo\/image\/\",\"url\":\"https:\/\/alucoilcoating.com\/wp-content\/uploads\/2023\/11\/Logo-ALUCOIL-COATING.png\",\"contentUrl\":\"https:\/\/alucoilcoating.com\/wp-content\/uploads\/2023\/11\/Logo-ALUCOIL-COATING.png\",\"width\":1920,\"height\":1080,\"caption\":\"Alucoil Coating - termolac\u00ae\"},\"image\":{\"@id\":\"https:\/\/alucoilcoating.com\/#\/schema\/logo\/image\/\"}}]}<\/script>\n<!-- \/ Yoast SEO plugin. -->","yoast_head_json":{"title":"Cookies-Richtlinie - Alucoil Coating - termolac\u00ae","robots":{"index":"index","follow":"follow","max-snippet":"max-snippet:-1","max-image-preview":"max-image-preview:large","max-video-preview":"max-video-preview:-1"},"canonical":"https:\/\/alucoilcoating.com\/politica-de-cookies\/","og_locale":"de_DE","og_type":"article","og_title":"Cookies-Richtlinie - Alucoil Coating - termolac\u00ae","og_description":"Cookie-Richtlinien Was ist ein Cookie? Ein Cookie ist eine Textdatei, die auf Ihren PC heruntergeladen wird, wenn Sie auf bestimmte Webseiten zugreifen. Die Cookies erm\u00f6glichen es, einer Webseite (unter anderem) Informationen \u00fcber die Surfgewohnheiten eines Benutzers oder seines Teams zu speichern und abzurufen. Dies h\u00e4ngt von den darin enthaltenen Informationen und der Art und Weise [&hellip;]","og_url":"https:\/\/alucoilcoating.com\/politica-de-cookies\/","og_site_name":"Alucoil Coating - termolac\u00ae","article_modified_time":"2024-03-12T09:15:44+00:00","twitter_card":"summary_large_image","twitter_misc":{"Gesch\u00e4tzte Lesezeit":"6\u00a0Minuten"},"schema":{"@context":"https:\/\/schema.org","@graph":[{"@type":"WebPage","@id":"https:\/\/alucoilcoating.com\/politica-de-cookies\/","url":"https:\/\/alucoilcoating.com\/politica-de-cookies\/","name":"Cookies-Richtlinie - Alucoil Coating - termolac\u00ae","isPartOf":{"@id":"https:\/\/alucoilcoating.com\/#website"},"datePublished":"2023-11-10T11:53:23+00:00","dateModified":"2024-03-12T09:15:44+00:00","breadcrumb":{"@id":"https:\/\/alucoilcoating.com\/politica-de-cookies\/#breadcrumb"},"inLanguage":"de","potentialAction":[{"@type":"ReadAction","target":["https:\/\/alucoilcoating.com\/politica-de-cookies\/"]}]},{"@type":"BreadcrumbList","@id":"https:\/\/alucoilcoating.com\/politica-de-cookies\/#breadcrumb","itemListElement":[{"@type":"ListItem","position":1,"name":"Portada","item":"https:\/\/alucoilcoating.com\/"},{"@type":"ListItem","position":2,"name":"Cookies-Richtlinie"}]},{"@type":"WebSite","@id":"https:\/\/alucoilcoating.com\/#website","url":"https:\/\/alucoilcoating.com\/","name":"Alucoil Coating - termolac\u00ae","description":"","publisher":{"@id":"https:\/\/alucoilcoating.com\/#organization"},"potentialAction":[{"@type":"SearchAction","target":{"@type":"EntryPoint","urlTemplate":"https:\/\/alucoilcoating.com\/?s={search_term_string}"},"query-input":{"@type":"PropertyValueSpecification","valueRequired":true,"valueName":"search_term_string"}}],"inLanguage":"de"},{"@type":"Organization","@id":"https:\/\/alucoilcoating.com\/#organization","name":"Alucoil Coating - termolac\u00ae","url":"https:\/\/alucoilcoating.com\/","logo":{"@type":"ImageObject","inLanguage":"de","@id":"https:\/\/alucoilcoating.com\/#\/schema\/logo\/image\/","url":"https:\/\/alucoilcoating.com\/wp-content\/uploads\/2023\/11\/Logo-ALUCOIL-COATING.png","contentUrl":"https:\/\/alucoilcoating.com\/wp-content\/uploads\/2023\/11\/Logo-ALUCOIL-COATING.png","width":1920,"height":1080,"caption":"Alucoil Coating - termolac\u00ae"},"image":{"@id":"https:\/\/alucoilcoating.com\/#\/schema\/logo\/image\/"}}]}},"_links":{"self":[{"href":"https:\/\/alucoilcoating.com\/de\/wp-json\/wp\/v2\/pages\/1430","targetHints":{"allow":["GET"]}}],"collection":[{"href":"https:\/\/alucoilcoating.com\/de\/wp-json\/wp\/v2\/pages"}],"about":[{"href":"https:\/\/alucoilcoating.com\/de\/wp-json\/wp\/v2\/types\/page"}],"author":[{"embeddable":true,"href":"https:\/\/alucoilcoating.com\/de\/wp-json\/wp\/v2\/users\/1"}],"replies":[{"embeddable":true,"href":"https:\/\/alucoilcoating.com\/de\/wp-json\/wp\/v2\/comments?post=1430"}],"version-history":[{"count":7,"href":"https:\/\/alucoilcoating.com\/de\/wp-json\/wp\/v2\/pages\/1430\/revisions"}],"predecessor-version":[{"id":1705,"href":"https:\/\/alucoilcoating.com\/de\/wp-json\/wp\/v2\/pages\/1430\/revisions\/1705"}],"wp:attachment":[{"href":"https:\/\/alucoilcoating.com\/de\/wp-json\/wp\/v2\/media?parent=1430"}],"curies":[{"name":"wp","href":"https:\/\/api.w.org\/{rel}","templated":true}]}}